{"id":28,"date":"2024-04-17T20:38:12","date_gmt":"2024-04-17T18:38:12","guid":{"rendered":"https:\/\/lmcd.dk\/?page_id=28"},"modified":"2024-04-17T21:57:38","modified_gmt":"2024-04-17T19:57:38","slug":"profil","status":"publish","type":"page","link":"https:\/\/lmcd.dk\/?page_id=28","title":{"rendered":"Profil"},"content":{"rendered":"\n<p>LM Consult and Design er en lille ingeni\u00f8rvirksomhed, der kan st\u00f8tte din forretning indenfor to omr\u00e5der &#8211; mekanisk design og svejsekoordination.<\/p>\n\n\n\n<p>\/&#8230;\/<\/p>\n\n\n\n<p> fra de f\u00f8rste id\u00e9er  til udviklingen af fungerende 3D CAD modeller og virtuele prototyper og verifikation af disse i CAE simuleringsmilj\u00f8.<\/p>\n\n\n\n<p>I min portef\u00f8lje finder l\u00f8sninger fra \/&#8230;\/<\/p>\n\n\n\n<p>Firmaet er baseret i Aalborg men tilbyder konsulentbistand over hele Danmark og har erfaring med internationalt samarbejde i Norden og Central- og \u00d8steuropa.<\/p>\n","protected":false},"excerpt":{"rendered":"<p>LM Consult and Design er en lille ingeni\u00f8rvirksomhed, der kan st\u00f8tte din forretning indenfor to omr\u00e5der &#8211; mekanisk design og svejsekoordination. \/&#8230;\/ fra de f\u00f8rste id\u00e9er til udviklingen af fungerende 3D CAD modeller og virtuele prototyper og verifikation af disse i CAE simuleringsmilj\u00f8. I min portef\u00f8lje finder l\u00f8sninger fra \/&#8230;\/ Firmaet er baseret i Aalborg [&hellip;]<\/p>\n","protected":false},"author":1,"featured_media":0,"parent":0,"menu_order":0,"comment_status":"closed","ping_status":"closed","template":"","meta":{"footnotes":""},"class_list":["post-28","page","type-page","status-publish","hentry"],"_links":{"self":[{"href":"https:\/\/lmcd.dk\/index.php?rest_route=\/wp\/v2\/pages\/28","targetHints":{"allow":["GET"]}}],"collection":[{"href":"https:\/\/lmcd.dk\/index.php?rest_route=\/wp\/v2\/pages"}],"about":[{"href":"https:\/\/lmcd.dk\/index.php?rest_route=\/wp\/v2\/types\/page"}],"author":[{"embeddable":true,"href":"https:\/\/lmcd.dk\/index.php?rest_route=\/wp\/v2\/users\/1"}],"replies":[{"embeddable":true,"href":"https:\/\/lmcd.dk\/index.php?rest_route=%2Fwp%2Fv2%2Fcomments&post=28"}],"version-history":[{"count":6,"href":"https:\/\/lmcd.dk\/index.php?rest_route=\/wp\/v2\/pages\/28\/revisions"}],"predecessor-version":[{"id":46,"href":"https:\/\/lmcd.dk\/index.php?rest_route=\/wp\/v2\/pages\/28\/revisions\/46"}],"wp:attachment":[{"href":"https:\/\/lmcd.dk\/index.php?rest_route=%2Fwp%2Fv2%2Fmedia&parent=28"}],"curies":[{"name":"wp","href":"https:\/\/api.w.org\/{rel}","templated":true}]}}